{"id":105,"date":"2021-04-14T10:07:22","date_gmt":"2021-04-14T10:07:22","guid":{"rendered":"https:\/\/sortition.dk\/?page_id=105"},"modified":"2022-04-23T15:36:54","modified_gmt":"2022-04-23T15:36:54","slug":"ofte-stillede-sporgsmal","status":"publish","type":"page","link":"https:\/\/sortition.dk\/?page_id=105","title":{"rendered":"Ofte Stillede Sp\u00f8rgsm\u00e5l"},"content":{"rendered":"<p>[vc_row][vc_column][vc_toggle title=&#8221;Hvad er sortition?&#8221;]Sortition betyder at tr\u00e6kke lod og i denne sammenh\u00e6ng menes der demokrati gennem lodtr\u00e6kning.<\/p>\n<p>I stedet for at lade folkevalgte politikere tr\u00e6ffe politiske beslutninger, foresl\u00e5r Sortidion Foundation Danmark, at der ogs\u00e5 skal indg\u00e5 tilf\u00e6ldigt valgte borgere i den politiskes beslutningsprocess. Dette har mange fordele, f.eks. at politiske beslutninger tr\u00e6ffes af en repr\u00e6sentativ gruppe i forhold til befolkningen.[\/vc_toggle][vc_toggle title=&#8221;Hvorfor sortition?&#8221;]Der er flere grunde til, at sortition kan v\u00e6re et godt alternativ til det repr\u00e6sentative demokrati, vi har i dag.<\/p>\n<p>Tilliden til politikerne er lav i Danmark, og i mange andre landet er den endnu lavere. Det kan der v\u00e6re mange grunde til, men vi mener det bunder i, at politikerne i Danmark ligner ikke resten af befolkningen med hensyn til blandt andet uddannelse og erhvervserfaring.<\/p>\n<p>Med sortition kommer de, der tr\u00e6ffer beslutninger for landet, til at ligne resten af befolkningen med hensyn til uddannelse og erhvervserfaring. Dette kan b\u00e5de hj\u00e6lpe med at skabe tillid til beslutningstagerne, ikke mindst fordi de ligner den befolkning, de tjener.<\/p>\n<p>Dertil kommer, at politikere almindeligvis sidder i flere perioder, og m\u00e5ske nogle gange t\u00e6nker lidt mere p\u00e5, hvordan man kan blive genvalgt, frem for hvad der oprigtigt er bedst for samfundet. Ved tilf\u00e6ldigt valgt af (i hvert fald en del af) politikerne, reduceres denne tendens betydenligt.[\/vc_toggle][vc_toggle title=&#8221;Er den almindelige dansker egnet til at blive udtrukket?&#8221;]Ja, det mener vi. Og det viser de erfaringer, som findes indtil videre.<\/p>\n<p>Ligesom politikerne i dag har bl.a. embedsm\u00e6nd til at hj\u00e6lpe med at blive kloge p\u00e5 diverse emner, vil der ogs\u00e5 v\u00e6re st\u00f8tte til udtrukne borgere. Man kunne forestille sig, at der var obligatoriske kurser omkring store emner, s\u00e5 de udtrukne kan m\u00f8de med en vis forberedelse.<\/p>\n<p>For nuv\u00e6rende ses det, at politikerne ofte har begr\u00e6nset viden indenfor de omr\u00e5der, de besk\u00e6ftiger sig med, og der er ikke nogen grund til at antage, at udtrukne borgere generelt vil v\u00e6re d\u00e5rligere stillede. Det er heller ikke ut\u00e6nkeligt at en udtrukket deltager som kommer fra &#8220;det virkelige samfund&#8221; har v\u00e6sentlig mere indsigt i almindelige emner end en politiker, der har siddet 15 \u00e5r i Folketinget.[\/vc_toggle][vc_toggle title=&#8221;Hvor finder jeg flere oplysninger om sortition?&#8221;]Se vores <a href=\"https:\/\/sortition.dk\/?page_id=108\">litteraturside<\/a>, her kan du finde henvisninger til forskellige former for information om sortition.[\/vc_toggle][vc_toggle title=&#8221;Hvilket politiske holdninger har Sortition Foundation?&#8221;]Foreningen Sortition Foundation har ingen holninger til partipolitik. Vi g\u00f8r meget ud af at v\u00e6re en politisk neutral organsation.<\/p>\n<p>Vores eneste politiske ambition er at f\u00e5 startet en debat om demokratiet og p\u00e5 sigt f\u00e5 indf\u00f8rt brug af sortition i Danmark.[\/vc_toggle][vc_toggle title=&#8221;Holder I foredrag? Findes der undervisningsmateriale?&#8221;]Ja, vi kommer gerne ud og holder foredrag om sortition.<\/p>\n<p>Kontakt <a href=\"https:\/\/sortition.dk\/?page_id=126\">Benny<\/a> eller l\u00e6s mere om <a href=\"https:\/\/sortition.dk\/?page_id=158\">bes\u00f8g p\u00e5 gymnasier<\/a>.<\/p>\n<p>Undervisningsmateriale er under udarbejdelse samt igang med at blive oversat til dansk.<\/p>\n<p>&nbsp;<\/p>\n<p>[\/vc_toggle][vc_toggle title=&#8221;Hvordan deltager man?&#8221;]Vi har en facebookgruppe til debat om sortition <a href=\"https:\/\/www.facebook.com\/groups\/sortitionfoundationdk\">https:\/\/www.facebook.com\/groups\/sortitionfoundationdk<\/a>.<\/p>\n<p>Se <a href=\"https:\/\/sortition.dk\/?page_id=126\">Kontaktsiden<\/a>.<\/p>\n<p>[\/vc_toggle][\/vc_column][\/vc_row]<\/p>\n","protected":false},"excerpt":{"rendered":"<p>[vc_row][vc_column][vc_toggle title=&#8221;Hvad er sortition?&#8221;]Sortition betyder at tr\u00e6kke lod og i denne sammenh\u00e6ng menes der demokrati gennem lodtr\u00e6kning. I stedet for at lade folkevalgte politikere tr\u00e6ffe politiske beslutninger, foresl\u00e5r Sortidion Foundation Danmark, at der ogs\u00e5 skal indg\u00e5 tilf\u00e6ldigt valgte borgere i den politiskes beslutningsprocess. Dette har mange fordele, f.eks. at politiske beslutninger tr\u00e6ffes af en repr\u00e6sentativ [&hellip;]<\/p>\n","protected":false},"author":3,"featured_media":0,"parent":0,"menu_order":0,"comment_status":"closed","ping_status":"closed","template":"","meta":[],"_links":{"self":[{"href":"https:\/\/sortition.dk\/index.php?rest_route=\/wp\/v2\/pages\/105"}],"collection":[{"href":"https:\/\/sortition.dk\/index.php?rest_route=\/wp\/v2\/pages"}],"about":[{"href":"https:\/\/sortition.dk\/index.php?rest_route=\/wp\/v2\/types\/page"}],"author":[{"embeddable":true,"href":"https:\/\/sortition.dk\/index.php?rest_route=\/wp\/v2\/users\/3"}],"replies":[{"embeddable":true,"href":"https:\/\/sortition.dk\/index.php?rest_route=%2Fwp%2Fv2%2Fcomments&post=105"}],"version-history":[{"count":9,"href":"https:\/\/sortition.dk\/index.php?rest_route=\/wp\/v2\/pages\/105\/revisions"}],"predecessor-version":[{"id":164,"href":"https:\/\/sortition.dk\/index.php?rest_route=\/wp\/v2\/pages\/105\/revisions\/164"}],"wp:attachment":[{"href":"https:\/\/sortition.dk\/index.php?rest_route=%2Fwp%2Fv2%2Fmedia&parent=105"}],"curies":[{"name":"wp","href":"https:\/\/api.w.org\/{rel}","templated":true}]}}