{"id":130,"date":"2022-03-27T16:11:22","date_gmt":"2022-03-27T16:11:22","guid":{"rendered":"https:\/\/sortition.dk\/?page_id=130"},"modified":"2023-04-05T19:22:24","modified_gmt":"2023-04-05T19:22:24","slug":"hvem-er-vi","status":"publish","type":"page","link":"https:\/\/sortition.dk\/?page_id=130","title":{"rendered":"Om Foreningen"},"content":{"rendered":"<p>[vc_row][vc_column][vc_column_text]<\/p>\n<h2>Om Sortition.dk<\/h2>\n<p>Foreningens navn er &#8220;Sortition Foundation &#8211; Dansk Afdeling&#8221; og har til form\u00e5l at udbrede kendskabet til sortition i Danmark og starte en konstruktiv debat om at indf\u00f8re sortition p\u00e5 forskellige planer i samfundet. Sortition.dk er den danske afdeling af det internationale Sortition Foundation.<\/p>\n<p>Men hvorfor sortition? Fordi vi mener, at en repr\u00e6sentativ, tilf\u00e6ldigt udvalgt gruppe kan tr\u00e6ffe de bedste beslutninger. Lidt sat p\u00e5 spidsen kan man sige, at vi mener tilf\u00e6ldige mennesker har et bedre udgangspunkt end de nuv\u00e6rende politikerne for at tr\u00e6ffe de beslutninger, som er i samfundets langsigtede interesse.<\/p>\n<p>Der er allerede en del forskellige perspektiver p\u00e5 begrebet sortition. L\u00e6s mere om det her: <a href=\"https:\/\/sortition.dk\/?page_id=108\">Litteratur om sortition<\/a><\/p>\n<p>Medlemmerne er en broget flok med vidt forskellige baggrunde, og det er meget vigtigt for os, ikke at indg\u00e5 i politiske ideologier og at holde sortition-bev\u00e6gelsen undenfor den almindelige politiske diskussion.<\/p>\n<p>Med andre ord er vi ikke en organisation, der har en politisk dagsorden, selv om man kunne argumentere for, at vi har en politisk ambition om at udbrede brug af sortition i Danmark. Bev\u00e6gelsen holder sig alts\u00e5 uden for traditionel politik og politiske enkeltsager.<\/p>\n<p>&nbsp;<\/p>\n<h2>Et internationalt netv\u00e6rk &#8230;<\/h2>\n<p>P\u00e5 verdensplan arbejdes med sortition i mange forskellige sammenh\u00e6nge, som i princippet kun har det til f\u00e6lles, at der skal indg\u00e5 valg ved lodtr\u00e6kning. Mange af disse bev\u00e6gelser er forbundet igennem &#8220;The International Network of Sortition Advocates&#8221; som er repr\u00e6senteret p\u00e5 hjemmesiden <a href=\"http:\/\/insa.site\">insa.site.<\/a><\/p>\n<p>&nbsp;<\/p>\n<h2>Hvad er det, vi vil?<\/h2>\n<p>Det prim\u00e6re form\u00e5l er at udbrede kendskabet til sortition i Danmark. P\u00e5 l\u00e6ngere sigt \u00f8nsker vi, at sortition (dvs. valg ved lodtr\u00e6kning) skal indg\u00e5 i den demokratiske process i den ene eller anden form. Men f\u00f8rst ogs\u00e5 fremmest skal vi have en grundig debat om, hvad vi i Danmark forventer af den demokratiske process, og hvordan vi forh\u00e5bentlig kan g\u00f8re den bedre med sortition.<\/p>\n<p>Indtil videre har vi som forening ikke lagt os fast p\u00e5, hvordan sortition bedst kan bidrage til demokratiet. Men for de fleste af medlemmerne er \u00f8nsket nok, at de demokratiske representanter findes ved en eller anden kombination af traditionelle valg og tilf\u00e6ldig lodtr\u00e6kning.<\/p>\n<p>Vi vil ogs\u00e5 gerne udbrede kendskabet til sortition gennem opl\u00e6g og undervisning. P\u00e5 Folkem\u00f8det 2021 arrangerede vi f.eks. et online foredrag om fordelene ved sortition frem for folkevalgte politikere. Vi holder ogs\u00e5 gerne foredrag eller debatter p\u00e5 diverse skoler og uddannelsesinstitutioner. Form\u00e5let er at udbrede viden omkring sortition som en attraktiv form for demokrati.<\/p>\n<p>&nbsp;<\/p>\n<h2>Alle er velkomne<\/h2>\n<p>Vi byder alle som \u00f8nsker at bidrage konstruktivt velkommen. Man kan v\u00e6re med som aktivt medlem og dermed f\u00e5 indflydelse p\u00e5 hvilken retningen Sortition Danmark skal bev\u00e6ge sig i, eller man kan n\u00f8jes med at st\u00f8tte projektet indirekte.<\/p>\n<p>Har man lyst til at deltage i debatten, er man meget velkommen, det er der mulighed for p\u00e5 vores facebookside, som er et godt sted at starte &#8211; ogs\u00e5 hvis man bare er nysgerrig.<\/p>\n<p>&nbsp;<\/p>\n<p style=\"text-align: center;\"><strong>Sortition.dk er for alle som gerne vil bidrage til forbedre demokratiet &#8211; <a href=\"https:\/\/sortition.dk\/?page_id=126\">v\u00e6r med!<\/a><\/strong><\/p>\n<p>[\/vc_column_text][\/vc_column][\/vc_row]<\/p>\n","protected":false},"excerpt":{"rendered":"<p>[vc_row][vc_column][vc_column_text] Om Sortition.dk Foreningens navn er &#8220;Sortition Foundation &#8211; Dansk Afdeling&#8221; og har til form\u00e5l at udbrede kendskabet til sortition i Danmark og starte en konstruktiv debat om at indf\u00f8re sortition p\u00e5 forskellige planer i samfundet. Sortition.dk er den danske afdeling af det internationale Sortition Foundation. Men hvorfor sortition? Fordi vi mener, at en repr\u00e6sentativ, [&hellip;]<\/p>\n","protected":false},"author":4,"featured_media":0,"parent":0,"menu_order":0,"comment_status":"closed","ping_status":"closed","template":"","meta":[],"_links":{"self":[{"href":"https:\/\/sortition.dk\/index.php?rest_route=\/wp\/v2\/pages\/130"}],"collection":[{"href":"https:\/\/sortition.dk\/index.php?rest_route=\/wp\/v2\/pages"}],"about":[{"href":"https:\/\/sortition.dk\/index.php?rest_route=\/wp\/v2\/types\/page"}],"author":[{"embeddable":true,"href":"https:\/\/sortition.dk\/index.php?rest_route=\/wp\/v2\/users\/4"}],"replies":[{"embeddable":true,"href":"https:\/\/sortition.dk\/index.php?rest_route=%2Fwp%2Fv2%2Fcomments&post=130"}],"version-history":[{"count":19,"href":"https:\/\/sortition.dk\/index.php?rest_route=\/wp\/v2\/pages\/130\/revisions"}],"predecessor-version":[{"id":175,"href":"https:\/\/sortition.dk\/index.php?rest_route=\/wp\/v2\/pages\/130\/revisions\/175"}],"wp:attachment":[{"href":"https:\/\/sortition.dk\/index.php?rest_route=%2Fwp%2Fv2%2Fmedia&parent=130"}],"curies":[{"name":"wp","href":"https:\/\/api.w.org\/{rel}","templated":true}]}}