{"id":20,"date":"2020-11-10T01:14:11","date_gmt":"2020-11-10T01:14:11","guid":{"rendered":"https:\/\/sortition.dk\/?page_id=20"},"modified":"2023-08-20T14:18:06","modified_gmt":"2023-08-20T14:18:06","slug":"forside","status":"publish","type":"page","link":"https:\/\/sortition.dk\/","title":{"rendered":"Forside"},"content":{"rendered":"<p>[vc_row full_width=&#8221;stretch_row&#8221; css=&#8221;.vc_custom_1604973550436{margin-top: 0px !important;margin-bottom: 0px !important;padding-top: 17rem !important;padding-bottom: 17rem !important;background: #e66f43 url(https:\/\/sortition.dk\/wp-content\/uploads\/2020\/11\/bg_header-home.jpg?id=23) !important;}&#8221; el_class=&#8221;front-hero&#8221;][vc_column width=&#8221;1\/2&#8243; css=&#8221;.vc_custom_1604973464997{margin-top: 0px !important;margin-bottom: 0px !important;padding-top: 0px !important;padding-bottom: 0px !important;}&#8221;][vc_column_text el_class=&#8221;whitetxt&#8221; css=&#8221;.vc_custom_1606118869613{margin-top: 0px !important;margin-bottom: 0px !important;padding-top: 0px !important;padding-bottom: 0px !important;}&#8221;]<\/p>\n<h1>Valg ved lodtr\u00e6kning<\/h1>\n<h5>En bedre og anderledes form for demokrati<\/h5>\n<p>[\/vc_column_text][\/vc_column][vc_column width=&#8221;1\/2&#8243; css=&#8221;.vc_custom_1604973474600{margin-top: 0px !important;margin-bottom: 0px !important;padding-top: 0px !important;padding-bottom: 0px !important;}&#8221;][\/vc_column][\/vc_row][vc_row css=&#8221;.vc_custom_1604992099156{margin-top: 0px !important;margin-bottom: 0px !important;padding-top: 8rem !important;padding-bottom: 8rem !important;}&#8221;][vc_column][vc_row_inner css=&#8221;.vc_custom_1604992540708{margin-bottom: 1.5rem !important;}&#8221;][vc_column_inner width=&#8221;1\/2&#8243;][vc_column_text]<\/p>\n<h3>Sammen kan vi forbedre det demokratiske system<\/h3>\n<p>[\/vc_column_text][\/vc_column_inner][vc_column_inner width=&#8221;1\/2&#8243;][\/vc_column_inner][\/vc_row_inner][vc_row_inner][vc_column_inner width=&#8221;1\/2&#8243;][vc_column_text]I dag er beslutninger taget af ikke s\u00e6rligt kompetente politikere, som er n\u00f8d til at t\u00e6nke p\u00e5 at blive genvalgt. Lobbyisme og underh\u00e5ndsaftaler er ikke ukendt for den politiske elite.<\/p>\n<p><strong>Man stoler ikke p\u00e5 politikere. <\/strong>Det er mere reglen end undtagelsen.[\/vc_column_text][\/vc_column_inner][vc_column_inner width=&#8221;1\/2&#8243;][vc_column_text]Men der er <strong>en bedre m\u00e5de <\/strong>at tage de politiske beslutninger. Ved at have en repr\u00e6sentativ grupper af helt almindelige mennesker til at tage dem. P\u00e5 den m\u00e5de stopper vi karrierepolitikere, og skaber reelle forandringer.<\/p>\n<p>Lad os skabe <strong>et \u00e6gte demokrati, af folket, for folket.<\/strong>[\/vc_column_text][\/vc_column_inner][\/vc_row_inner][\/vc_column][\/vc_row][vc_row equal_height=&#8221;yes&#8221;][vc_column width=&#8221;1\/2&#8243;][vc_video link=&#8221;https:\/\/www.youtube.com\/watch?v=cUee1I69nFs&#8221; align=&#8221;center&#8221;][\/vc_column][vc_column width=&#8221;1\/2&#8243;][vc_column_text]<\/p>\n<h3>Almindelige mennesker &#8211; ikke politikere &#8211; burde bestemme hvordan samfundet skal fungere.<\/h3>\n<p>[\/vc_column_text][\/vc_column][\/vc_row][vc_row css=&#8221;.vc_custom_1604993688344{margin-top: 0px !important;margin-bottom: 0px !important;padding-top: 8rem !important;padding-bottom: 8rem !important;}&#8221; el_class=&#8221;orange-titles&#8221;][vc_column width=&#8221;1\/3&#8243;][vc_column_text css=&#8221;.vc_custom_1692540883485{margin-bottom: 0.75rem !important;}&#8221;]<\/p>\n<h1>Hvad?<\/h1>\n<p>En borgerforsamling er en tilf\u00e6ldig og repr\u00e6sentativ valgt gruppe af mennesker, der g\u00e5r sammen om at tage politiske beslutninger. Dette kaldes p\u00e5 Engelsk Sortition! Den internationale paraply organisation INSA <a href=\"https:\/\/insa.site\">kan findes her<\/a>[\/vc_column_text][\/vc_column][vc_column width=&#8221;1\/3&#8243;][vc_column_text css=&#8221;.vc_custom_1606114649966{margin-bottom: 0.75rem !important;}&#8221;]<\/p>\n<h1>Hvordan?<\/h1>\n<p>Hvordan fungerer det i praksis at en tilf\u00e6ldig valgt mindre gruppe skal tage politiske beslutninger for os alle? <a href=\"https:\/\/www.linkedin.com\/pulse\/demokrati-ved-lodtr%C3%A6kning-benny-ejholm-nissen\/\" target=\"_blank\" rel=\"noopener noreferrer\">L\u00e6s mere her<\/a>[\/vc_column_text][\/vc_column][vc_column width=&#8221;1\/3&#8243;][vc_column_text css=&#8221;.vc_custom_1606063340700{margin-bottom: 0.75rem !important;}&#8221;]<\/p>\n<h1>Hvor?<\/h1>\n<p>Borgerforsamlinger (i disse tider virtuelle) er begyndelsen til at fremme Sortition. Kan vi oprette et Sortition kammer ved siden af Folketinget? Du kan deltage i Danmark ved at tilmelde dig denne <a href=\"https:\/\/www.facebook.com\/groups\/sortitionfoundationdk\">Facebook gruppe<\/a>[\/vc_column_text][\/vc_column][\/vc_row][vc_row full_width=&#8221;stretch_row&#8221; el_class=&#8221;whitetxt home-join&#8221; css=&#8221;.vc_custom_1604994963384{margin-top: 0px !important;margin-bottom: 0px !important;padding-top: 5rem !important;padding-bottom: 5rem !important;background-color: #900d3f !important;}&#8221;][vc_column width=&#8221;1\/6&#8243; offset=&#8221;vc_col-lg-2 vc_col-md-2 vc_hidden-sm vc_hidden-xs&#8221;][\/vc_column][vc_column css=&#8221;.vc_custom_1604994536345{margin-top: 0px !important;margin-bottom: 0px !important;padding-top: 0px !important;padding-bottom: 0px !important;}&#8221; offset=&#8221;vc_col-lg-8 vc_col-md-8&#8243;][vc_column_text]<img decoding=\"async\" class=\"aligncenter\" src=\"\/wp-content\/themes\/niva-child\/images\/img_join-home.svg\" \/><\/p>\n<h3 style=\"text-align: center;\">Tilslut dig en verden hvor almindelige mennesker tr\u00e6ffer beslutningerne<\/h3>\n<p style=\"text-align: center;\">Sammen, tilf\u00e6ldigt valgt, i repr\u00e6sentative og informerende forsamlinger<\/p>\n<p>[\/vc_column_text][vc_empty_space height=&#8221;2.5rem&#8221;]<style type=\"text\/css\">\n                .sweetthemes_button .btn_custom_69d9609cc83b8 {\n                    background:  !important;\n                }\n                .sweetthemes_button .btn_custom_69d9609cc83b8:hover {                   \n                    color:  !important;                     \n                }\n                .sweetthemes_button .btn_custom_69d9609cc83b8:before {\n                    background:  !important;\n                }\n                .sweetthemes_button .btn_custom_69d9609cc83b8 {\n                    border-color:  !important;\n                }\n                .sweetthemes_button .btn_custom_69d9609cc83b8:hover {                   \n                    border-color:  !important;                     \n                }\n\n              <\/style><div class=\"text-center sweetthemes_button \"><a  href=\" https:\/\/discord.gg\/6sgnrphp6w\" class=\"button-winona btn btn-medium btn_custom_69d9609cc83b8\" style=\"color:\">\n        \n    Bliv INSA medlem<\/a><\/div>[\/vc_column][vc_column width=&#8221;1\/6&#8243; offset=&#8221;vc_col-lg-2 vc_col-md-2 vc_hidden-sm vc_hidden-xs&#8221;][\/vc_column][\/vc_row]<\/p>\n","protected":false},"excerpt":{"rendered":"<p>[vc_row full_width=&#8221;stretch_row&#8221; css=&#8221;.vc_custom_1604973550436{margin-top: 0px !important;margin-bottom: 0px !important;padding-top: 17rem !important;padding-bottom: 17rem !important;background: #e66f43 url(https:\/\/sortition.dk\/wp-content\/uploads\/2020\/11\/bg_header-home.jpg?id=23) !important;}&#8221; el_class=&#8221;front-hero&#8221;][vc_column width=&#8221;1\/2&#8243; css=&#8221;.vc_custom_1604973464997{margin-top: 0px !important;margin-bottom: 0px !important;padding-top: 0px !important;padding-bottom: 0px !important;}&#8221;][vc_column_text el_class=&#8221;whitetxt&#8221; css=&#8221;.vc_custom_1606118869613{margin-top: 0px !important;margin-bottom: 0px !important;padding-top: 0px !important;padding-bottom: 0px !important;}&#8221;] Valg ved lodtr\u00e6kning En bedre og anderledes form for demokrati [\/vc_column_text][\/vc_column][vc_column width=&#8221;1\/2&#8243; css=&#8221;.vc_custom_1604973474600{margin-top: 0px !important;margin-bottom: 0px !important;padding-top: 0px !important;padding-bottom: 0px [&hellip;]<\/p>\n","protected":false},"author":1,"featured_media":0,"parent":0,"menu_order":0,"comment_status":"closed","ping_status":"closed","template":"","meta":[],"_links":{"self":[{"href":"https:\/\/sortition.dk\/index.php?rest_route=\/wp\/v2\/pages\/20"}],"collection":[{"href":"https:\/\/sortition.dk\/index.php?rest_route=\/wp\/v2\/pages"}],"about":[{"href":"https:\/\/sortition.dk\/index.php?rest_route=\/wp\/v2\/types\/page"}],"author":[{"embeddable":true,"href":"https:\/\/sortition.dk\/index.php?rest_route=\/wp\/v2\/users\/1"}],"replies":[{"embeddable":true,"href":"https:\/\/sortition.dk\/index.php?rest_route=%2Fwp%2Fv2%2Fcomments&post=20"}],"version-history":[{"count":55,"href":"https:\/\/sortition.dk\/index.php?rest_route=\/wp\/v2\/pages\/20\/revisions"}],"predecessor-version":[{"id":178,"href":"https:\/\/sortition.dk\/index.php?rest_route=\/wp\/v2\/pages\/20\/revisions\/178"}],"wp:attachment":[{"href":"https:\/\/sortition.dk\/index.php?rest_route=%2Fwp%2Fv2%2Fmedia&parent=20"}],"curies":[{"name":"wp","href":"https:\/\/api.w.org\/{rel}","templated":true}]}}